{"id":109,"date":"2022-01-21T09:01:14","date_gmt":"2022-01-21T08:01:14","guid":{"rendered":"https:\/\/projekte.muk-digital.de\/infrawarm\/?page_id=109"},"modified":"2025-01-15T08:45:09","modified_gmt":"2025-01-15T07:45:09","slug":"impressum","status":"publish","type":"page","link":"https:\/\/www.infrawarm.de\/en\/impressum\/","title":{"rendered":"Imprint"},"content":{"rendered":"<div data-elementor-type=\"wp-page\" data-elementor-id=\"109\" class=\"elementor elementor-109\" data-elementor-post-type=\"page\">\n\t\t\t\t\t\t<section class=\"elementor-section elementor-top-section elementor-element elementor-element-97e1383 animated-slow elementor-section-boxed elementor-section-height-default elementor-section-height-default elementor-invisible\" data-id=\"97e1383\" data-element_type=\"section\" data-settings=\"{&quot;animation&quot;:&quot;fadeInRight&quot;}\">\n\t\t\t\t\t\t<div class=\"elementor-container elementor-column-gap-default\">\n\t\t\t\t\t<div class=\"elementor-column elementor-col-100 elementor-top-column elementor-element elementor-element-18b03cb\" data-id=\"18b03cb\" data-element_type=\"column\">\n\t\t\t<div class=\"elementor-widget-wrap elementor-element-populated\">\n\t\t\t\t\t\t<div class=\"elementor-element elementor-element-26c7d2c elementor-widget elementor-widget-text-editor\" data-id=\"26c7d2c\" data-element_type=\"widget\" data-widget_type=\"text-editor.default\">\n\t\t\t\t<div class=\"elementor-widget-container\">\n\t\t\t\t\t\t\t<h1>Imprint<\/h1><h2>Angaben gem\u00e4\u00df \u00a7 5 TMG:<\/h2><p><strong>J\u00fcrgen Schl\u00f6sser Armaturen GmbH<\/strong><br \/>Am Dassenborn 12-14<br \/>57482 Wenden<\/p><p><strong>Vertreten durch:<\/strong><br \/>J\u00fcrgen Schl\u00f6sser\u00a0<\/p><p><strong>Kontakt:<\/strong><br \/>Telefon: +49 (0) 2762\u00a0988730-0<br \/>E-Mail: info@infrawarm.com<\/p><p>Verantwortlich f\u00fcr den Inhalt nach \u00a7 55 Abs. 2 RStV:<br \/>J\u00fcrgen Schl\u00f6sser Armaturen GmbH<br \/>Am Dassenborn 12-14<br \/>57482 Wenden<\/p><p><strong>Registergericht:<\/strong><br \/>Amtsgericht Siegen<\/p><p><strong>Registernummer:<\/strong><br \/>7291<\/p><p><strong>Umsatzsteuer-ID-Nummer<\/strong>\u00a0gem\u00e4\u00df \u00a7 27 a Umsatzsteuergesetz:<br \/>DE812037502<\/p><p><strong>Design &amp; technische Umsetzung<br \/><\/strong><\/p><h2>Haftungsausschluss:<\/h2><p><strong>Haftung f\u00fcr Inhalte<\/strong><br \/>Die Inhalte unserer Seiten wurden mit gr\u00f6\u00dfter Sorgfalt erstellt. F\u00fcr die Richtigkeit, Vollst\u00e4ndigkeit und Aktualit\u00e4t der Inhalte k\u00f6nnen wir jedoch keine Gew\u00e4hr \u00fcbernehmen. Als Diensteanbieter sind wir gem\u00e4\u00df \u00a7 7 Abs.1 TMG f\u00fcr eigene Inhalte auf diesen Seiten nach den allgemeinen Gesetzen verantwortlich. Nach \u00a7\u00a7 8 bis 10 TMG sind wir als Diensteanbieter jedoch nicht verpflichtet, \u00fcbermittelte oder gespeicherte fremde Informationen zu \u00fcberwachen oder nach Umst\u00e4nden zu forschen, die auf eine rechtswidrige T\u00e4tigkeit hinweisen. Verpflichtungen zur Entfernung oder Sperrung der Nutzung von Informationen nach den allgemeinen Gesetzen bleiben hiervon unber\u00fchrt. Eine diesbez\u00fcgliche Haftung ist jedoch erst ab dem Zeitpunkt der Kenntnis einer konkreten Rechtsverletzung m\u00f6glich. Bei Bekanntwerden von entsprechenden Rechtsverletzungen werden wir diese Inhalte umgehend entfernen.<\/p><p><strong>Haftung f\u00fcr Links<\/strong><br \/>Unser Angebot enth\u00e4lt Links zu externen Webseiten Dritter, auf deren Inhalte wir keinen Einfluss haben. Deshalb k\u00f6nnen wir f\u00fcr diese fremden Inhalte auch keine Gew\u00e4hr \u00fcbernehmen. F\u00fcr die Inhalte der verlinkten Seiten ist stets der jeweilige Anbieter oder Betreiber der Seiten verantwortlich. Die verlinkten Seiten wurden zum Zeitpunkt der Verlinkung auf m\u00f6gliche Rechtsverst\u00f6\u00dfe \u00fcberpr\u00fcft. Rechtswidrige Inhalte waren zum Zeitpunkt der Verlinkung nicht erkennbar. Eine permanente inhaltliche Kontrolle der verlinkten Seiten ist jedoch ohne konkrete Anhaltspunkte einer Rechtsverletzung nicht zumutbar. Bei Bekanntwerden von Rechtsverletzungen werden wir derartige Links umgehend entfernen.<\/p><p><strong>Urheberrecht<\/strong><br \/>Die durch die Seitenbetreiber erstellten Inhalte und Werke auf diesen Seiten unterliegen dem deutschen Urheberrecht. Die Vervielf\u00e4ltigung, Bearbeitung, Verbreitung und jede Art der Verwertung au\u00dferhalb der Grenzen des Urheberrechtes bed\u00fcrfen der schriftlichen Zustimmung des jeweiligen Autors bzw. Erstellers. Downloads und Kopien dieser Seite sind nur f\u00fcr den privaten, nicht kommerziellen Gebrauch gestattet. Soweit die Inhalte auf dieser Seite nicht vom Betreiber erstellt wurden, werden die Urheberrechte Dritter beachtet. Insbesondere werden Inhalte Dritter als solche gekennzeichnet. Sollten Sie trotzdem auf eine Urheberrechtsverletzung aufmerksam werden, bitten wir um einen entsprechenden Hinweis. Bei Bekanntwerden von Rechtsverletzungen werden wir derartige Inhalte umgehend entfernen.<\/p><p><em>Quelle: eRecht24, Rechtsanwalt f\u00fcr Internetrecht S\u00f6ren Siebert<\/em><\/p>\t\t\t\t\t\t<\/div>\n\t\t\t\t<\/div>\n\t\t\t\t\t<\/div>\n\t\t<\/div>\n\t\t\t\t\t<\/div>\n\t\t<\/section>\n\t\t\t\t<\/div>","protected":false},"excerpt":{"rendered":"<p>Impressum Angaben gem\u00e4\u00df \u00a7 5 TMG: J\u00fcrgen Schl\u00f6sser Armaturen GmbHAm Dassenborn 12-1457482 Wenden Vertreten durch:J\u00fcrgen Schl\u00f6sser\u00a0 Kontakt:Telefon: +49 (0) 2762\u00a0988730-0E-Mail: info@infrawarm.com Verantwortlich f\u00fcr den Inhalt nach \u00a7 55 Abs. 2 RStV:J\u00fcrgen Schl\u00f6sser Armaturen GmbHAm Dassenborn 12-1457482 Wenden Registergericht:Amtsgericht Siegen Registernummer:7291 Umsatzsteuer-ID-Nummer\u00a0gem\u00e4\u00df \u00a7 27 a Umsatzsteuergesetz:DE812037502 Design &amp; technische Umsetzung Haftungsausschluss: Haftung f\u00fcr InhalteDie Inhalte unserer [&hellip;]<\/p>","protected":false},"author":3,"featured_media":0,"parent":0,"menu_order":0,"comment_status":"closed","ping_status":"closed","template":"elementor_header_footer","meta":{"footnotes":""},"class_list":["post-109","page","type-page","status-publish","hentry"],"yoast_head":"<!-- This site is optimized with the Yoast SEO plugin v23.9 - https:\/\/yoast.com\/wordpress\/plugins\/seo\/ -->\n<title>Infrawarm\u00ae GmbH - Impressum<\/title>\n<meta name=\"description\" content=\"Impressum der Infrawarm\u00ae GmbH.\" \/>\n<meta name=\"robots\" content=\"index, follow, max-snippet:-1, max-image-preview:large, max-video-preview:-1\" \/>\n<link rel=\"canonical\" href=\"https:\/\/www.infrawarm.de\/en\/impressum\/\" \/>\n<meta property=\"og:locale\" content=\"en_US\" \/>\n<meta property=\"og:type\" content=\"article\" \/>\n<meta property=\"og:title\" content=\"Infrawarm\u00ae GmbH - Impressum\" \/>\n<meta property=\"og:description\" content=\"Impressum der Infrawarm\u00ae GmbH.\" \/>\n<meta property=\"og:url\" content=\"https:\/\/www.infrawarm.de\/en\/impressum\/\" \/>\n<meta property=\"og:site_name\" content=\"Infrawarm\u00ae GmbH\" \/>\n<meta property=\"article:modified_time\" content=\"2025-01-15T07:45:09+00:00\" \/>\n<meta name=\"twitter:card\" content=\"summary_large_image\" \/>\n<meta name=\"twitter:label1\" content=\"Est. reading time\" \/>\n\t<meta name=\"twitter:data1\" content=\"3 minutes\" \/>\n<script type=\"application\/ld+json\" class=\"yoast-schema-graph\">{\"@context\":\"https:\/\/schema.org\",\"@graph\":[{\"@type\":\"WebPage\",\"@id\":\"https:\/\/www.infrawarm.de\/impressum\/\",\"url\":\"https:\/\/www.infrawarm.de\/impressum\/\",\"name\":\"Infrawarm\u00ae GmbH - Impressum\",\"isPartOf\":{\"@id\":\"https:\/\/www.infrawarm.de\/#website\"},\"datePublished\":\"2022-01-21T08:01:14+00:00\",\"dateModified\":\"2025-01-15T07:45:09+00:00\",\"description\":\"Impressum der Infrawarm\u00ae GmbH.\",\"breadcrumb\":{\"@id\":\"https:\/\/www.infrawarm.de\/impressum\/#breadcrumb\"},\"inLanguage\":\"en-US\",\"potentialAction\":[{\"@type\":\"ReadAction\",\"target\":[\"https:\/\/www.infrawarm.de\/impressum\/\"]}]},{\"@type\":\"BreadcrumbList\",\"@id\":\"https:\/\/www.infrawarm.de\/impressum\/#breadcrumb\",\"itemListElement\":[{\"@type\":\"ListItem\",\"position\":1,\"name\":\"Startseite\",\"item\":\"https:\/\/www.infrawarm.de\/\"},{\"@type\":\"ListItem\",\"position\":2,\"name\":\"Impressum\"}]},{\"@type\":\"WebSite\",\"@id\":\"https:\/\/www.infrawarm.de\/#website\",\"url\":\"https:\/\/www.infrawarm.de\/\",\"name\":\"Infrawarm\u00ae GmbH\",\"description\":\"Angenehme W\u00e4rme in k\u00fcrzester Zeit bei konstant geringem Energieverbrauch. Das ist Heizen mit Infrarotheizk\u00f6rpern von Infrawarm.\",\"potentialAction\":[{\"@type\":\"SearchAction\",\"target\":{\"@type\":\"EntryPoint\",\"urlTemplate\":\"https:\/\/www.infrawarm.de\/?s={search_term_string}\"},\"query-input\":{\"@type\":\"PropertyValueSpecification\",\"valueRequired\":true,\"valueName\":\"search_term_string\"}}],\"inLanguage\":\"en-US\"}]}<\/script>\n<!-- \/ Yoast SEO plugin. -->","yoast_head_json":{"title":"Infrawarm\u00ae GmbH - Impressum","description":"Impressum der Infrawarm\u00ae GmbH.","robots":{"index":"index","follow":"follow","max-snippet":"max-snippet:-1","max-image-preview":"max-image-preview:large","max-video-preview":"max-video-preview:-1"},"canonical":"https:\/\/www.infrawarm.de\/en\/impressum\/","og_locale":"en_US","og_type":"article","og_title":"Infrawarm\u00ae GmbH - Impressum","og_description":"Impressum der Infrawarm\u00ae GmbH.","og_url":"https:\/\/www.infrawarm.de\/en\/impressum\/","og_site_name":"Infrawarm\u00ae GmbH","article_modified_time":"2025-01-15T07:45:09+00:00","twitter_card":"summary_large_image","twitter_misc":{"Est. reading time":"3 minutes"},"schema":{"@context":"https:\/\/schema.org","@graph":[{"@type":"WebPage","@id":"https:\/\/www.infrawarm.de\/impressum\/","url":"https:\/\/www.infrawarm.de\/impressum\/","name":"Infrawarm\u00ae GmbH - Impressum","isPartOf":{"@id":"https:\/\/www.infrawarm.de\/#website"},"datePublished":"2022-01-21T08:01:14+00:00","dateModified":"2025-01-15T07:45:09+00:00","description":"Impressum der Infrawarm\u00ae GmbH.","breadcrumb":{"@id":"https:\/\/www.infrawarm.de\/impressum\/#breadcrumb"},"inLanguage":"en-US","potentialAction":[{"@type":"ReadAction","target":["https:\/\/www.infrawarm.de\/impressum\/"]}]},{"@type":"BreadcrumbList","@id":"https:\/\/www.infrawarm.de\/impressum\/#breadcrumb","itemListElement":[{"@type":"ListItem","position":1,"name":"Startseite","item":"https:\/\/www.infrawarm.de\/"},{"@type":"ListItem","position":2,"name":"Impressum"}]},{"@type":"WebSite","@id":"https:\/\/www.infrawarm.de\/#website","url":"https:\/\/www.infrawarm.de\/","name":"Infrawarm\u00ae GmbH","description":"Angenehme W\u00e4rme in k\u00fcrzester Zeit bei konstant geringem Energieverbrauch. Das ist Heizen mit Infrarotheizk\u00f6rpern von Infrawarm.","potentialAction":[{"@type":"SearchAction","target":{"@type":"EntryPoint","urlTemplate":"https:\/\/www.infrawarm.de\/?s={search_term_string}"},"query-input":{"@type":"PropertyValueSpecification","valueRequired":true,"valueName":"search_term_string"}}],"inLanguage":"en-US"}]}},"_links":{"self":[{"href":"https:\/\/www.infrawarm.de\/en\/wp-json\/wp\/v2\/pages\/109","targetHints":{"allow":["GET"]}}],"collection":[{"href":"https:\/\/www.infrawarm.de\/en\/wp-json\/wp\/v2\/pages"}],"about":[{"href":"https:\/\/www.infrawarm.de\/en\/wp-json\/wp\/v2\/types\/page"}],"author":[{"embeddable":true,"href":"https:\/\/www.infrawarm.de\/en\/wp-json\/wp\/v2\/users\/3"}],"replies":[{"embeddable":true,"href":"https:\/\/www.infrawarm.de\/en\/wp-json\/wp\/v2\/comments?post=109"}],"version-history":[{"count":10,"href":"https:\/\/www.infrawarm.de\/en\/wp-json\/wp\/v2\/pages\/109\/revisions"}],"predecessor-version":[{"id":1407,"href":"https:\/\/www.infrawarm.de\/en\/wp-json\/wp\/v2\/pages\/109\/revisions\/1407"}],"wp:attachment":[{"href":"https:\/\/www.infrawarm.de\/en\/wp-json\/wp\/v2\/media?parent=109"}],"curies":[{"name":"wp","href":"https:\/\/api.w.org\/{rel}","templated":true}]}}