{"id":1141,"date":"2023-05-23T10:18:14","date_gmt":"2023-05-23T08:18:14","guid":{"rendered":"https:\/\/www.infrawarm.de\/?page_id=1141"},"modified":"2023-05-23T10:20:38","modified_gmt":"2023-05-23T08:20:38","slug":"danke","status":"publish","type":"page","link":"https:\/\/www.infrawarm.de\/en\/danke\/","title":{"rendered":"Danke"},"content":{"rendered":"<div data-elementor-type=\"wp-page\" data-elementor-id=\"1141\" class=\"elementor elementor-1141\" data-elementor-post-type=\"page\">\n\t\t\t\t\t\t<section class=\"elementor-section elementor-top-section elementor-element elementor-element-0a43ac6 elementor-section-full_width elementor-section-height-default elementor-section-height-default\" data-id=\"0a43ac6\" data-element_type=\"section\">\n\t\t\t\t\t\t<div class=\"elementor-container elementor-column-gap-no\">\n\t\t\t\t\t<div class=\"elementor-column elementor-col-100 elementor-top-column elementor-element elementor-element-e401831\" data-id=\"e401831\" data-element_type=\"column\">\n\t\t\t<div class=\"elementor-widget-wrap elementor-element-populated\">\n\t\t\t\t\t\t<div class=\"elementor-element elementor-element-37e5f7b elementor--h-position-center elementor--v-position-middle elementor-arrows-position-inside elementor-pagination-position-inside elementor-widget elementor-widget-slides\" data-id=\"37e5f7b\" data-element_type=\"widget\" data-settings=\"{&quot;navigation&quot;:&quot;both&quot;,&quot;autoplay&quot;:&quot;yes&quot;,&quot;pause_on_hover&quot;:&quot;yes&quot;,&quot;pause_on_interaction&quot;:&quot;yes&quot;,&quot;autoplay_speed&quot;:5000,&quot;infinite&quot;:&quot;yes&quot;,&quot;transition&quot;:&quot;slide&quot;,&quot;transition_speed&quot;:500}\" data-widget_type=\"slides.default\">\n\t\t\t\t<div class=\"elementor-widget-container\">\n\t\t\t\t\t<div class=\"elementor-swiper\">\n\t\t\t<div class=\"elementor-slides-wrapper elementor-main-swiper swiper\" dir=\"ltr\" data-animation=\"fadeInUp\">\n\t\t\t\t<div class=\"swiper-wrapper elementor-slides\">\n\t\t\t\t\t\t\t\t\t\t<div class=\"elementor-repeater-item-fd4eb5b swiper-slide\"><div class=\"swiper-slide-bg\" role=\"img\"><\/div><div class=\"swiper-slide-inner\" ><div class=\"swiper-slide-contents\"><div class=\"elementor-slide-heading\">Dankesch\u00f6n<\/div><\/div><\/div><\/div>\t\t\t\t<\/div>\n\t\t\t\t\t\t\t<\/div>\n\t\t<\/div>\n\t\t\t\t<\/div>\n\t\t\t\t<\/div>\n\t\t\t\t\t<\/div>\n\t\t<\/div>\n\t\t\t\t\t<\/div>\n\t\t<\/section>\n\t\t\t\t<section class=\"elementor-section elementor-top-section elementor-element elementor-element-7829f9f elementor-section-boxed elementor-section-height-default elementor-section-height-default elementor-invisible\" data-id=\"7829f9f\" data-element_type=\"section\" data-settings=\"{&quot;background_background&quot;:&quot;classic&quot;,&quot;animation&quot;:&quot;fadeInLeft&quot;}\">\n\t\t\t\t\t\t<div class=\"elementor-container elementor-column-gap-default\">\n\t\t\t\t\t<div class=\"elementor-column elementor-col-100 elementor-top-column elementor-element elementor-element-13c82af\" data-id=\"13c82af\" data-element_type=\"column\">\n\t\t\t<div class=\"elementor-widget-wrap elementor-element-populated\">\n\t\t\t\t\t\t<div class=\"elementor-element elementor-element-7008563 elementor-widget-divider--view-line elementor-widget elementor-widget-divider\" data-id=\"7008563\" data-element_type=\"widget\" data-widget_type=\"divider.default\">\n\t\t\t\t<div class=\"elementor-widget-container\">\n\t\t\t\t\t<div class=\"elementor-divider\">\n\t\t\t<span class=\"elementor-divider-separator\">\n\t\t\t\t\t\t<\/span>\n\t\t<\/div>\n\t\t\t\t<\/div>\n\t\t\t\t<\/div>\n\t\t\t\t<div class=\"elementor-element elementor-element-f627632 elementor-widget elementor-widget-heading\" data-id=\"f627632\" data-element_type=\"widget\" data-widget_type=\"heading.default\">\n\t\t\t\t<div class=\"elementor-widget-container\">\n\t\t\t<h1 class=\"elementor-heading-title elementor-size-large\">Vielen Dank f\u00fcr Ihre Kontaktaufnahme<\/h1>\t\t<\/div>\n\t\t\t\t<\/div>\n\t\t\t\t<div class=\"elementor-element elementor-element-05db090 elementor-widget elementor-widget-text-editor\" data-id=\"05db090\" data-element_type=\"widget\" data-widget_type=\"text-editor.default\">\n\t\t\t\t<div class=\"elementor-widget-container\">\n\t\t\t\t\t\t\t<p>Wir werden uns zeitnah bei Ihnen melden. Ihr Anliegen ist dringend? Dann melden Sie sich gerne telefonisch bei uns<\/p>\t\t\t\t\t\t<\/div>\n\t\t\t\t<\/div>\n\t\t\t\t\t<\/div>\n\t\t<\/div>\n\t\t\t\t\t<\/div>\n\t\t<\/section>\n\t\t\t\t<section class=\"elementor-section elementor-top-section elementor-element elementor-element-2d0cf0d elementor-section-boxed elementor-section-height-default elementor-section-height-default\" data-id=\"2d0cf0d\" data-element_type=\"section\">\n\t\t\t\t\t\t<div class=\"elementor-container elementor-column-gap-default\">\n\t\t\t\t\t<div class=\"elementor-column elementor-col-100 elementor-top-column elementor-element elementor-element-9a21ce1\" data-id=\"9a21ce1\" data-element_type=\"column\">\n\t\t\t<div class=\"elementor-widget-wrap elementor-element-populated\">\n\t\t\t\t\t\t<div class=\"elementor-element elementor-element-09ee732 elementor-widget elementor-widget-text-editor\" data-id=\"09ee732\" data-element_type=\"widget\" data-widget_type=\"text-editor.default\">\n\t\t\t\t<div class=\"elementor-widget-container\">\n\t\t\t\t\t\t\t<h2>Standort<\/h2><section class=\"article-body\"><p>Infrawarm\u00ae GmbH<br \/>B\u00e4ckerstra\u00dfe 6<br \/>21244 Buchholz<\/p><p>Telefon: +49 (0) 4181 \u2013 928 54 39<br \/>E-Mail: info@infrawarm.com\u00a0<\/p><\/section>\t\t\t\t\t\t<\/div>\n\t\t\t\t<\/div>\n\t\t\t\t\t<\/div>\n\t\t<\/div>\n\t\t\t\t\t<\/div>\n\t\t<\/section>\n\t\t\t\t<\/div>","protected":false},"excerpt":{"rendered":"<p>Dankesch\u00f6n Vielen Dank f\u00fcr Ihre Kontaktaufnahme Wir werden uns zeitnah bei Ihnen melden. Ihr Anliegen ist dringend? Dann melden Sie sich gerne telefonisch bei uns Standort Infrawarm\u00ae GmbHB\u00e4ckerstra\u00dfe 621244 Buchholz Telefon: +49 (0) 4181 \u2013 928 54 39E-Mail: info@infrawarm.com\u00a0<\/p>","protected":false},"author":3,"featured_media":0,"parent":0,"menu_order":0,"comment_status":"closed","ping_status":"closed","template":"elementor_header_footer","meta":{"footnotes":""},"class_list":["post-1141","page","type-page","status-publish","hentry"],"yoast_head":"<!-- This site is optimized with the Yoast SEO plugin v23.9 - https:\/\/yoast.com\/wordpress\/plugins\/seo\/ -->\n<title>Infrawarm\u00ae | Kontaktaufnahme<\/title>\n<meta name=\"description\" content=\"Sie haben ein Anliegen? Dann nehmen Sie gerne Kontakt mit uns auf\" \/>\n<meta name=\"robots\" content=\"index, follow, max-snippet:-1, max-image-preview:large, max-video-preview:-1\" \/>\n<link rel=\"canonical\" href=\"https:\/\/www.infrawarm.de\/en\/danke\/\" \/>\n<meta property=\"og:locale\" content=\"en_US\" \/>\n<meta property=\"og:type\" content=\"article\" \/>\n<meta property=\"og:title\" content=\"Infrawarm\u00ae | Kontaktaufnahme\" \/>\n<meta property=\"og:description\" content=\"Sie haben ein Anliegen? Dann nehmen Sie gerne Kontakt mit uns auf\" \/>\n<meta property=\"og:url\" content=\"https:\/\/www.infrawarm.de\/en\/danke\/\" \/>\n<meta property=\"og:site_name\" content=\"Infrawarm\u00ae GmbH\" \/>\n<meta property=\"article:modified_time\" content=\"2023-05-23T08:20:38+00:00\" \/>\n<meta name=\"twitter:card\" content=\"summary_large_image\" \/>\n<meta name=\"twitter:label1\" content=\"Est. reading time\" \/>\n\t<meta name=\"twitter:data1\" content=\"1 minute\" \/>\n<script type=\"application\/ld+json\" class=\"yoast-schema-graph\">{\"@context\":\"https:\/\/schema.org\",\"@graph\":[{\"@type\":\"WebPage\",\"@id\":\"https:\/\/www.infrawarm.de\/danke\/\",\"url\":\"https:\/\/www.infrawarm.de\/danke\/\",\"name\":\"Infrawarm\u00ae | Kontaktaufnahme\",\"isPartOf\":{\"@id\":\"https:\/\/www.infrawarm.de\/#website\"},\"datePublished\":\"2023-05-23T08:18:14+00:00\",\"dateModified\":\"2023-05-23T08:20:38+00:00\",\"description\":\"Sie haben ein Anliegen? Dann nehmen Sie gerne Kontakt mit uns auf\",\"breadcrumb\":{\"@id\":\"https:\/\/www.infrawarm.de\/danke\/#breadcrumb\"},\"inLanguage\":\"en-US\",\"potentialAction\":[{\"@type\":\"ReadAction\",\"target\":[\"https:\/\/www.infrawarm.de\/danke\/\"]}]},{\"@type\":\"BreadcrumbList\",\"@id\":\"https:\/\/www.infrawarm.de\/danke\/#breadcrumb\",\"itemListElement\":[{\"@type\":\"ListItem\",\"position\":1,\"name\":\"Startseite\",\"item\":\"https:\/\/www.infrawarm.de\/\"},{\"@type\":\"ListItem\",\"position\":2,\"name\":\"Danke\"}]},{\"@type\":\"WebSite\",\"@id\":\"https:\/\/www.infrawarm.de\/#website\",\"url\":\"https:\/\/www.infrawarm.de\/\",\"name\":\"Infrawarm\u00ae GmbH\",\"description\":\"Angenehme W\u00e4rme in k\u00fcrzester Zeit bei konstant geringem Energieverbrauch. Das ist Heizen mit Infrarotheizk\u00f6rpern von Infrawarm.\",\"potentialAction\":[{\"@type\":\"SearchAction\",\"target\":{\"@type\":\"EntryPoint\",\"urlTemplate\":\"https:\/\/www.infrawarm.de\/?s={search_term_string}\"},\"query-input\":{\"@type\":\"PropertyValueSpecification\",\"valueRequired\":true,\"valueName\":\"search_term_string\"}}],\"inLanguage\":\"en-US\"}]}<\/script>\n<!-- \/ Yoast SEO plugin. -->","yoast_head_json":{"title":"Infrawarm\u00ae | Kontaktaufnahme","description":"Sie haben ein Anliegen? Dann nehmen Sie gerne Kontakt mit uns auf","robots":{"index":"index","follow":"follow","max-snippet":"max-snippet:-1","max-image-preview":"max-image-preview:large","max-video-preview":"max-video-preview:-1"},"canonical":"https:\/\/www.infrawarm.de\/en\/danke\/","og_locale":"en_US","og_type":"article","og_title":"Infrawarm\u00ae | Kontaktaufnahme","og_description":"Sie haben ein Anliegen? Dann nehmen Sie gerne Kontakt mit uns auf","og_url":"https:\/\/www.infrawarm.de\/en\/danke\/","og_site_name":"Infrawarm\u00ae GmbH","article_modified_time":"2023-05-23T08:20:38+00:00","twitter_card":"summary_large_image","twitter_misc":{"Est. reading time":"1 minute"},"schema":{"@context":"https:\/\/schema.org","@graph":[{"@type":"WebPage","@id":"https:\/\/www.infrawarm.de\/danke\/","url":"https:\/\/www.infrawarm.de\/danke\/","name":"Infrawarm\u00ae | Kontaktaufnahme","isPartOf":{"@id":"https:\/\/www.infrawarm.de\/#website"},"datePublished":"2023-05-23T08:18:14+00:00","dateModified":"2023-05-23T08:20:38+00:00","description":"Sie haben ein Anliegen? Dann nehmen Sie gerne Kontakt mit uns auf","breadcrumb":{"@id":"https:\/\/www.infrawarm.de\/danke\/#breadcrumb"},"inLanguage":"en-US","potentialAction":[{"@type":"ReadAction","target":["https:\/\/www.infrawarm.de\/danke\/"]}]},{"@type":"BreadcrumbList","@id":"https:\/\/www.infrawarm.de\/danke\/#breadcrumb","itemListElement":[{"@type":"ListItem","position":1,"name":"Startseite","item":"https:\/\/www.infrawarm.de\/"},{"@type":"ListItem","position":2,"name":"Danke"}]},{"@type":"WebSite","@id":"https:\/\/www.infrawarm.de\/#website","url":"https:\/\/www.infrawarm.de\/","name":"Infrawarm\u00ae GmbH","description":"Angenehme W\u00e4rme in k\u00fcrzester Zeit bei konstant geringem Energieverbrauch. Das ist Heizen mit Infrarotheizk\u00f6rpern von Infrawarm.","potentialAction":[{"@type":"SearchAction","target":{"@type":"EntryPoint","urlTemplate":"https:\/\/www.infrawarm.de\/?s={search_term_string}"},"query-input":{"@type":"PropertyValueSpecification","valueRequired":true,"valueName":"search_term_string"}}],"inLanguage":"en-US"}]}},"_links":{"self":[{"href":"https:\/\/www.infrawarm.de\/en\/wp-json\/wp\/v2\/pages\/1141","targetHints":{"allow":["GET"]}}],"collection":[{"href":"https:\/\/www.infrawarm.de\/en\/wp-json\/wp\/v2\/pages"}],"about":[{"href":"https:\/\/www.infrawarm.de\/en\/wp-json\/wp\/v2\/types\/page"}],"author":[{"embeddable":true,"href":"https:\/\/www.infrawarm.de\/en\/wp-json\/wp\/v2\/users\/3"}],"replies":[{"embeddable":true,"href":"https:\/\/www.infrawarm.de\/en\/wp-json\/wp\/v2\/comments?post=1141"}],"version-history":[{"count":4,"href":"https:\/\/www.infrawarm.de\/en\/wp-json\/wp\/v2\/pages\/1141\/revisions"}],"predecessor-version":[{"id":1145,"href":"https:\/\/www.infrawarm.de\/en\/wp-json\/wp\/v2\/pages\/1141\/revisions\/1145"}],"wp:attachment":[{"href":"https:\/\/www.infrawarm.de\/en\/wp-json\/wp\/v2\/media?parent=1141"}],"curies":[{"name":"wp","href":"https:\/\/api.w.org\/{rel}","templated":true}]}}