{"id":128,"date":"2022-01-21T09:17:32","date_gmt":"2022-01-21T08:17:32","guid":{"rendered":"https:\/\/projekte.muk-digital.de\/infrawarm\/?page_id=128"},"modified":"2023-02-13T09:16:30","modified_gmt":"2023-02-13T08:16:30","slug":"faq","status":"publish","type":"page","link":"https:\/\/www.infrawarm.de\/en\/faq\/","title":{"rendered":"FAQ"},"content":{"rendered":"<div data-elementor-type=\"wp-page\" data-elementor-id=\"128\" class=\"elementor elementor-128\" data-elementor-post-type=\"page\">\n\t\t\t\t\t\t<section class=\"elementor-section elementor-top-section elementor-element elementor-element-771a920 elementor-section-full_width elementor-section-height-default elementor-section-height-default\" data-id=\"771a920\" data-element_type=\"section\">\n\t\t\t\t\t\t<div class=\"elementor-container elementor-column-gap-no\">\n\t\t\t\t\t<div class=\"elementor-column elementor-col-100 elementor-top-column elementor-element elementor-element-e76b4f6\" data-id=\"e76b4f6\" data-element_type=\"column\">\n\t\t\t<div class=\"elementor-widget-wrap elementor-element-populated\">\n\t\t\t\t\t\t<div class=\"elementor-element elementor-element-6c008ff elementor--h-position-center elementor--v-position-middle elementor-arrows-position-inside elementor-pagination-position-inside elementor-widget elementor-widget-slides\" data-id=\"6c008ff\" data-element_type=\"widget\" data-settings=\"{&quot;navigation&quot;:&quot;both&quot;,&quot;autoplay&quot;:&quot;yes&quot;,&quot;pause_on_hover&quot;:&quot;yes&quot;,&quot;pause_on_interaction&quot;:&quot;yes&quot;,&quot;autoplay_speed&quot;:5000,&quot;infinite&quot;:&quot;yes&quot;,&quot;transition&quot;:&quot;slide&quot;,&quot;transition_speed&quot;:500}\" data-widget_type=\"slides.default\">\n\t\t\t\t<div class=\"elementor-widget-container\">\n\t\t\t\t\t<div class=\"elementor-swiper\">\n\t\t\t<div class=\"elementor-slides-wrapper elementor-main-swiper swiper\" dir=\"ltr\" data-animation=\"fadeInUp\">\n\t\t\t\t<div class=\"swiper-wrapper elementor-slides\">\n\t\t\t\t\t\t\t\t\t\t<div class=\"elementor-repeater-item-fd4eb5b swiper-slide\"><div class=\"swiper-slide-bg\" role=\"img\"><\/div><div class=\"swiper-slide-inner\" ><div class=\"swiper-slide-contents\"><div class=\"elementor-slide-heading\">Infrarotheizk\u00f6rper von Infrawarm&reg;<\/div><div class=\"elementor-slide-description\">inconspicuous, chic &amp; efficient<\/div><\/div><\/div><\/div>\t\t\t\t<\/div>\n\t\t\t\t\t\t\t<\/div>\n\t\t<\/div>\n\t\t\t\t<\/div>\n\t\t\t\t<\/div>\n\t\t\t\t\t<\/div>\n\t\t<\/div>\n\t\t\t\t\t<\/div>\n\t\t<\/section>\n\t\t\t\t<section class=\"elementor-section elementor-top-section elementor-element elementor-element-b3d8d6f animated-slow elementor-section-boxed elementor-section-height-default elementor-section-height-default elementor-invisible\" data-id=\"b3d8d6f\" data-element_type=\"section\" data-settings=\"{&quot;animation&quot;:&quot;fadeInRight&quot;}\">\n\t\t\t\t\t\t<div class=\"elementor-container elementor-column-gap-default\">\n\t\t\t\t\t<div class=\"elementor-column elementor-col-100 elementor-top-column elementor-element elementor-element-2778983\" data-id=\"2778983\" data-element_type=\"column\">\n\t\t\t<div class=\"elementor-widget-wrap elementor-element-populated\">\n\t\t\t\t\t\t<div class=\"elementor-element elementor-element-023f72c elementor-widget elementor-widget-text-editor\" data-id=\"023f72c\" data-element_type=\"widget\" data-widget_type=\"text-editor.default\">\n\t\t\t\t<div class=\"elementor-widget-container\">\n\t\t\t\t\t\t\t<h1>FAQ &#8211; H\u00e4ufige Fragen zum Thema Infrawarm\u00ae und Infrarot Heizungen schnell beantwortet<\/h1>\t\t\t\t\t\t<\/div>\n\t\t\t\t<\/div>\n\t\t\t\t<div class=\"elementor-element elementor-element-080df25 elementor-widget elementor-widget-accordion\" data-id=\"080df25\" data-element_type=\"widget\" data-widget_type=\"accordion.default\">\n\t\t\t\t<div class=\"elementor-widget-container\">\n\t\t\t\t\t<div class=\"elementor-accordion\">\n\t\t\t\t\t\t\t<div class=\"elementor-accordion-item\">\n\t\t\t\t\t<div id=\"elementor-tab-title-8441\" class=\"elementor-tab-title\" data-tab=\"1\" role=\"button\" aria-controls=\"elementor-tab-content-8441\" aria-expanded=\"false\">\n\t\t\t\t\t\t\t\t\t\t\t\t\t<span class=\"elementor-accordion-icon elementor-accordion-icon-left\" aria-hidden=\"true\">\n\t\t\t\t\t\t\t\t\t\t\t\t\t\t\t<span class=\"elementor-accordion-icon-closed\"><i class=\"fas fa-plus\"><\/i><\/span>\n\t\t\t\t\t\t\t\t<span class=\"elementor-accordion-icon-opened\"><i class=\"fas fa-minus\"><\/i><\/span>\n\t\t\t\t\t\t\t\t\t\t\t\t\t\t<\/span>\n\t\t\t\t\t\t\t\t\t\t\t\t<a class=\"elementor-accordion-title\" tabindex=\"0\">Wo kann ich einen Infrawarm\u00ae Heizk\u00f6rper kaufen?<\/a>\n\t\t\t\t\t<\/div>\n\t\t\t\t\t<div id=\"elementor-tab-content-8441\" class=\"elementor-tab-content elementor-clearfix\" data-tab=\"1\" role=\"region\" aria-labelledby=\"elementor-tab-title-8441\"><p>Wir arbeiten gerade an einer PLZ-Suchfunktion, um Ihnen die Suche zu erleichtern. Bis dahin nutzen Sie bitte unser Kontaktformular, damit wir uns mit Ihnen in Verbindung setzen k\u00f6nnen.<\/p><\/div>\n\t\t\t\t<\/div>\n\t\t\t\t\t\t\t<div class=\"elementor-accordion-item\">\n\t\t\t\t\t<div id=\"elementor-tab-title-8442\" class=\"elementor-tab-title\" data-tab=\"2\" role=\"button\" aria-controls=\"elementor-tab-content-8442\" aria-expanded=\"false\">\n\t\t\t\t\t\t\t\t\t\t\t\t\t<span class=\"elementor-accordion-icon elementor-accordion-icon-left\" aria-hidden=\"true\">\n\t\t\t\t\t\t\t\t\t\t\t\t\t\t\t<span class=\"elementor-accordion-icon-closed\"><i class=\"fas fa-plus\"><\/i><\/span>\n\t\t\t\t\t\t\t\t<span class=\"elementor-accordion-icon-opened\"><i class=\"fas fa-minus\"><\/i><\/span>\n\t\t\t\t\t\t\t\t\t\t\t\t\t\t<\/span>\n\t\t\t\t\t\t\t\t\t\t\t\t<a class=\"elementor-accordion-title\" tabindex=\"0\">Ist Heizen mit Strom nicht total teuer?<\/a>\n\t\t\t\t\t<\/div>\n\t\t\t\t\t<div id=\"elementor-tab-content-8442\" class=\"elementor-tab-content elementor-clearfix\" data-tab=\"2\" role=\"region\" aria-labelledby=\"elementor-tab-title-8442\"><p>Nein. Dank unserer intelligenten und eigens entwickelten Heizk\u00f6rpersteuerung wird die ben\u00f6tigte Energie auf ein Minimum herunter geregelt. Weiter gibt es die M\u00f6glichkeit, \u00fcber den Heizstromtarif oder eine eigene PV-Anlage unser Infrawarm\u00ae Heizsystem noch kosteng\u00fcnstiger zu betreiben.<\/p><\/div>\n\t\t\t\t<\/div>\n\t\t\t\t\t\t\t<div class=\"elementor-accordion-item\">\n\t\t\t\t\t<div id=\"elementor-tab-title-8443\" class=\"elementor-tab-title\" data-tab=\"3\" role=\"button\" aria-controls=\"elementor-tab-content-8443\" aria-expanded=\"false\">\n\t\t\t\t\t\t\t\t\t\t\t\t\t<span class=\"elementor-accordion-icon elementor-accordion-icon-left\" aria-hidden=\"true\">\n\t\t\t\t\t\t\t\t\t\t\t\t\t\t\t<span class=\"elementor-accordion-icon-closed\"><i class=\"fas fa-plus\"><\/i><\/span>\n\t\t\t\t\t\t\t\t<span class=\"elementor-accordion-icon-opened\"><i class=\"fas fa-minus\"><\/i><\/span>\n\t\t\t\t\t\t\t\t\t\t\t\t\t\t<\/span>\n\t\t\t\t\t\t\t\t\t\t\t\t<a class=\"elementor-accordion-title\" tabindex=\"0\">Wie funktioniert das InfraWarm\u00ae Heizsystem?<\/a>\n\t\t\t\t\t<\/div>\n\t\t\t\t\t<div id=\"elementor-tab-content-8443\" class=\"elementor-tab-content elementor-clearfix\" data-tab=\"3\" role=\"region\" aria-labelledby=\"elementor-tab-title-8443\"><p>Unser Heizsystem arbeitet mit den verschiedenen Formen der W\u00e4rme\u00fcbertragung. Es gibt effizient W\u00e4rme an seine Umgebung ab und erw\u00e4rmt so Personen und Gegenst\u00e4nde, die wiederum die W\u00e4rme aufnehmen und weitergeben k\u00f6nnen.<\/p><\/div>\n\t\t\t\t<\/div>\n\t\t\t\t\t\t\t<div class=\"elementor-accordion-item\">\n\t\t\t\t\t<div id=\"elementor-tab-title-8444\" class=\"elementor-tab-title\" data-tab=\"4\" role=\"button\" aria-controls=\"elementor-tab-content-8444\" aria-expanded=\"false\">\n\t\t\t\t\t\t\t\t\t\t\t\t\t<span class=\"elementor-accordion-icon elementor-accordion-icon-left\" aria-hidden=\"true\">\n\t\t\t\t\t\t\t\t\t\t\t\t\t\t\t<span class=\"elementor-accordion-icon-closed\"><i class=\"fas fa-plus\"><\/i><\/span>\n\t\t\t\t\t\t\t\t<span class=\"elementor-accordion-icon-opened\"><i class=\"fas fa-minus\"><\/i><\/span>\n\t\t\t\t\t\t\t\t\t\t\t\t\t\t<\/span>\n\t\t\t\t\t\t\t\t\t\t\t\t<a class=\"elementor-accordion-title\" tabindex=\"0\">Brauche ich einen Handwerker, um die Heizung in Betrieb zu nehmen?<\/a>\n\t\t\t\t\t<\/div>\n\t\t\t\t\t<div id=\"elementor-tab-content-8444\" class=\"elementor-tab-content elementor-clearfix\" data-tab=\"4\" role=\"region\" aria-labelledby=\"elementor-tab-title-8444\"><p>Grunds\u00e4tzlich kann jeder unsere Heizk\u00f6rper in Betrieb nehmen. Wir haben eine Aufh\u00e4ngung konstruiert, die mit drei Schrauben an die Wand angeschraubt wird und an die dann der Heizk\u00f6rper aufgeh\u00e4ngt wird. Allerdings gilt dies nur f\u00fcr Privathaushalte, die keinen zweiten Stromz\u00e4hler f\u00fcr den Heizstromtarif nutzen.<\/p><p>Sollten Sie ein Unternehmen sein, oder ein Privathaushalt, das einen eigenen Heizstromz\u00e4hler nutzt und die Ger\u00e4te Unterputz verkabeln m\u00f6chte, dann muss der Anschluss durch eine Fachkraft (Elektroinstallationsbetrieb) vorgenommen werden. Die Kosten hierf\u00fcr werden jedoch nicht allzu hoch sein, da es in wenigen Minuten erledigt werden kann.<\/p><\/div>\n\t\t\t\t<\/div>\n\t\t\t\t\t\t\t<div class=\"elementor-accordion-item\">\n\t\t\t\t\t<div id=\"elementor-tab-title-8445\" class=\"elementor-tab-title\" data-tab=\"5\" role=\"button\" aria-controls=\"elementor-tab-content-8445\" aria-expanded=\"false\">\n\t\t\t\t\t\t\t\t\t\t\t\t\t<span class=\"elementor-accordion-icon elementor-accordion-icon-left\" aria-hidden=\"true\">\n\t\t\t\t\t\t\t\t\t\t\t\t\t\t\t<span class=\"elementor-accordion-icon-closed\"><i class=\"fas fa-plus\"><\/i><\/span>\n\t\t\t\t\t\t\t\t<span class=\"elementor-accordion-icon-opened\"><i class=\"fas fa-minus\"><\/i><\/span>\n\t\t\t\t\t\t\t\t\t\t\t\t\t\t<\/span>\n\t\t\t\t\t\t\t\t\t\t\t\t<a class=\"elementor-accordion-title\" tabindex=\"0\">Wo kann ich die Infrarotheizung anbauen?<\/a>\n\t\t\t\t\t<\/div>\n\t\t\t\t\t<div id=\"elementor-tab-content-8445\" class=\"elementor-tab-content elementor-clearfix\" data-tab=\"5\" role=\"region\" aria-labelledby=\"elementor-tab-title-8445\"><p>Unsere InfraWarm\u00ae Heizk\u00f6rper k\u00f6nnen mithilfe unserer eigens konstruierten Universalhalterung an der Wand oder an der Decke befestigt werden.<\/p><p>Damit man sie auch flexibel einsetzen kann, k\u00f6nnen Sie ebenfalls passende Holzf\u00fc\u00dfe erwerben, auf dem Sie den Heizk\u00f6rper in jedem beliebigen Raum abstellen k\u00f6nnen.<\/p><p>Zum Beispiel kann der Heizk\u00f6rper tags\u00fcber vor dem K\u00fcchentisch gegen kalte F\u00fc\u00dfe im Homeoffice und abends im unbeheizten Keller in die Sportecke gestellt werden.<\/p><\/div>\n\t\t\t\t<\/div>\n\t\t\t\t\t\t\t<div class=\"elementor-accordion-item\">\n\t\t\t\t\t<div id=\"elementor-tab-title-8446\" class=\"elementor-tab-title\" data-tab=\"6\" role=\"button\" aria-controls=\"elementor-tab-content-8446\" aria-expanded=\"false\">\n\t\t\t\t\t\t\t\t\t\t\t\t\t<span class=\"elementor-accordion-icon elementor-accordion-icon-left\" aria-hidden=\"true\">\n\t\t\t\t\t\t\t\t\t\t\t\t\t\t\t<span class=\"elementor-accordion-icon-closed\"><i class=\"fas fa-plus\"><\/i><\/span>\n\t\t\t\t\t\t\t\t<span class=\"elementor-accordion-icon-opened\"><i class=\"fas fa-minus\"><\/i><\/span>\n\t\t\t\t\t\t\t\t\t\t\t\t\t\t<\/span>\n\t\t\t\t\t\t\t\t\t\t\t\t<a class=\"elementor-accordion-title\" tabindex=\"0\">Weshalb Infrawarm\u00ae und nicht ein anderer Hersteller?<\/a>\n\t\t\t\t\t<\/div>\n\t\t\t\t\t<div id=\"elementor-tab-content-8446\" class=\"elementor-tab-content elementor-clearfix\" data-tab=\"6\" role=\"region\" aria-labelledby=\"elementor-tab-title-8446\"><p>Wir sind ein langj\u00e4hrig erfahrenes Unternehmen mit ausf\u00fchrlichen Forschungs- und Entwicklungst\u00e4tigkeiten.<\/p><p>Unser Infrawarm\u00ae Heizsystem integriert sich durch die auf einfach Handhabung zielgerichtete Konstruktion sowie das schlichte und zeitlose Design in jeden Raum.<\/p><p>Unser Infrawarm\u00ae Heizsystem sorgt f\u00fcr eine einzigartige Wohlf\u00fchlatmosph\u00e4re bei gleichzeitig minimalen Kosten.<\/p><\/div>\n\t\t\t\t<\/div>\n\t\t\t\t\t\t\t<div class=\"elementor-accordion-item\">\n\t\t\t\t\t<div id=\"elementor-tab-title-8447\" class=\"elementor-tab-title\" data-tab=\"7\" role=\"button\" aria-controls=\"elementor-tab-content-8447\" aria-expanded=\"false\">\n\t\t\t\t\t\t\t\t\t\t\t\t\t<span class=\"elementor-accordion-icon elementor-accordion-icon-left\" aria-hidden=\"true\">\n\t\t\t\t\t\t\t\t\t\t\t\t\t\t\t<span class=\"elementor-accordion-icon-closed\"><i class=\"fas fa-plus\"><\/i><\/span>\n\t\t\t\t\t\t\t\t<span class=\"elementor-accordion-icon-opened\"><i class=\"fas fa-minus\"><\/i><\/span>\n\t\t\t\t\t\t\t\t\t\t\t\t\t\t<\/span>\n\t\t\t\t\t\t\t\t\t\t\t\t<a class=\"elementor-accordion-title\" tabindex=\"0\">Sind Infrarotstrahlen nicht gef\u00e4hrlich f\u00fcr die Gesundheit?<\/a>\n\t\t\t\t\t<\/div>\n\t\t\t\t\t<div id=\"elementor-tab-content-8447\" class=\"elementor-tab-content elementor-clearfix\" data-tab=\"7\" role=\"region\" aria-labelledby=\"elementor-tab-title-8447\"><p>Nein, das ist ein hartn\u00e4ckiger Irrglaube. Im Gegenteil: Genauso wie die Infrarotlampe \u00fcber dem Wickeltisch eines Kleinkinds oder die Sonnenstrahlen an einem sch\u00f6nen Sommertag f\u00f6rdern Infrarotstrahlen die Gesundheit von K\u00f6rper, Geist und Seele.<\/p><\/div>\n\t\t\t\t<\/div>\n\t\t\t\t\t\t\t<div class=\"elementor-accordion-item\">\n\t\t\t\t\t<div id=\"elementor-tab-title-8448\" class=\"elementor-tab-title\" data-tab=\"8\" role=\"button\" aria-controls=\"elementor-tab-content-8448\" aria-expanded=\"false\">\n\t\t\t\t\t\t\t\t\t\t\t\t\t<span class=\"elementor-accordion-icon elementor-accordion-icon-left\" aria-hidden=\"true\">\n\t\t\t\t\t\t\t\t\t\t\t\t\t\t\t<span class=\"elementor-accordion-icon-closed\"><i class=\"fas fa-plus\"><\/i><\/span>\n\t\t\t\t\t\t\t\t<span class=\"elementor-accordion-icon-opened\"><i class=\"fas fa-minus\"><\/i><\/span>\n\t\t\t\t\t\t\t\t\t\t\t\t\t\t<\/span>\n\t\t\t\t\t\t\t\t\t\t\t\t<a class=\"elementor-accordion-title\" tabindex=\"0\">Wie lange h\u00e4lt eine Infrarotheizung?<\/a>\n\t\t\t\t\t<\/div>\n\t\t\t\t\t<div id=\"elementor-tab-content-8448\" class=\"elementor-tab-content elementor-clearfix\" data-tab=\"8\" role=\"region\" aria-labelledby=\"elementor-tab-title-8448\"><p>Da wir keine Verschlei\u00dfteile in unseren Heizk\u00f6rpern verbauen, gibt es theoretisch keine Begrenzung der Lebensdauer.<\/p><p>Weil wir von unseren Produkten absolut \u00fcberzeugt sind, geben wir Ihnen eine verl\u00e4ngerte Garantie von 15 Jahren auf unsere Infrawarm\u00ae Heizk\u00f6rper.<\/p><\/div>\n\t\t\t\t<\/div>\n\t\t\t\t\t\t\t<div class=\"elementor-accordion-item\">\n\t\t\t\t\t<div id=\"elementor-tab-title-8449\" class=\"elementor-tab-title\" data-tab=\"9\" role=\"button\" aria-controls=\"elementor-tab-content-8449\" aria-expanded=\"false\">\n\t\t\t\t\t\t\t\t\t\t\t\t\t<span class=\"elementor-accordion-icon elementor-accordion-icon-left\" aria-hidden=\"true\">\n\t\t\t\t\t\t\t\t\t\t\t\t\t\t\t<span class=\"elementor-accordion-icon-closed\"><i class=\"fas fa-plus\"><\/i><\/span>\n\t\t\t\t\t\t\t\t<span class=\"elementor-accordion-icon-opened\"><i class=\"fas fa-minus\"><\/i><\/span>\n\t\t\t\t\t\t\t\t\t\t\t\t\t\t<\/span>\n\t\t\t\t\t\t\t\t\t\t\t\t<a class=\"elementor-accordion-title\" tabindex=\"0\">Gibt es auch Objekte, f\u00fcr deren Beheizung eine Infrarotheizung nicht zu empfehlen ist?<\/a>\n\t\t\t\t\t<\/div>\n\t\t\t\t\t<div id=\"elementor-tab-content-8449\" class=\"elementor-tab-content elementor-clearfix\" data-tab=\"9\" role=\"region\" aria-labelledby=\"elementor-tab-title-8449\"><p>Ja. Wir raten davon ab, unsere Infrarotheizungen in einem Wintergarten zu nutzen. Ein Kunde wollte es k\u00fcrzlich dennoch versuchen, in der Hoffnung, dass er in seinem komplett gl\u00e4sernen Wintergarten nicht eine teure Konvektionsheizung installieren muss. Schlussendlich hat sich wieder einmal best\u00e4tigt, dass unsere Infrarotheizung f\u00fcr seinen Wintergarten aufgrund der nicht vorhandenen D\u00e4mmung nicht geeignet ist.<\/p><\/div>\n\t\t\t\t<\/div>\n\t\t\t\t\t\t\t<div class=\"elementor-accordion-item\">\n\t\t\t\t\t<div id=\"elementor-tab-title-84410\" class=\"elementor-tab-title\" data-tab=\"10\" role=\"button\" aria-controls=\"elementor-tab-content-84410\" aria-expanded=\"false\">\n\t\t\t\t\t\t\t\t\t\t\t\t\t<span class=\"elementor-accordion-icon elementor-accordion-icon-left\" aria-hidden=\"true\">\n\t\t\t\t\t\t\t\t\t\t\t\t\t\t\t<span class=\"elementor-accordion-icon-closed\"><i class=\"fas fa-plus\"><\/i><\/span>\n\t\t\t\t\t\t\t\t<span class=\"elementor-accordion-icon-opened\"><i class=\"fas fa-minus\"><\/i><\/span>\n\t\t\t\t\t\t\t\t\t\t\t\t\t\t<\/span>\n\t\t\t\t\t\t\t\t\t\t\t\t<a class=\"elementor-accordion-title\" tabindex=\"0\">Weshalb bieten wir nur ein geringes Produktportfolio an?<\/a>\n\t\t\t\t\t<\/div>\n\t\t\t\t\t<div id=\"elementor-tab-content-84410\" class=\"elementor-tab-content elementor-clearfix\" data-tab=\"10\" role=\"region\" aria-labelledby=\"elementor-tab-title-84410\"><p>Wir haben die Erfahrung gemacht, dass unsere wenigen Standardgr\u00f6\u00dfen absolut ausreichend sind, um ein Geb\u00e4ude effizient zu beheizen.<\/p><p>Nichtsdestotrotz bieten wir Ihnen an, einen individuell auf Ihre Bed\u00fcrfnisse zugeschnittenen Heizk\u00f6rper zu bauen. Z.B. f\u00fcr ein Hotelbadezimmer, das aufgrund seiner baulichen Beschaffenheit eine bestimmte Heizk\u00f6rpergr\u00f6\u00dfe \/-format erfordert. <a href=\"https:\/\/www.infrawarm.de\/en\/kontakt\/\">Kontaktieren Sie uns gern mit Ihren individuellen Ideen<\/a>.<br \/><br \/><\/p><\/div>\n\t\t\t\t<\/div>\n\t\t\t\t\t\t\t<div class=\"elementor-accordion-item\">\n\t\t\t\t\t<div id=\"elementor-tab-title-84411\" class=\"elementor-tab-title\" data-tab=\"11\" role=\"button\" aria-controls=\"elementor-tab-content-84411\" aria-expanded=\"false\">\n\t\t\t\t\t\t\t\t\t\t\t\t\t<span class=\"elementor-accordion-icon elementor-accordion-icon-left\" aria-hidden=\"true\">\n\t\t\t\t\t\t\t\t\t\t\t\t\t\t\t<span class=\"elementor-accordion-icon-closed\"><i class=\"fas fa-plus\"><\/i><\/span>\n\t\t\t\t\t\t\t\t<span class=\"elementor-accordion-icon-opened\"><i class=\"fas fa-minus\"><\/i><\/span>\n\t\t\t\t\t\t\t\t\t\t\t\t\t\t<\/span>\n\t\t\t\t\t\t\t\t\t\t\t\t<a class=\"elementor-accordion-title\" tabindex=\"0\">Kann ich den Heizk\u00f6rper auch mit einem Bild drauf bekommen?<\/a>\n\t\t\t\t\t<\/div>\n\t\t\t\t\t<div id=\"elementor-tab-content-84411\" class=\"elementor-tab-content elementor-clearfix\" data-tab=\"11\" role=\"region\" aria-labelledby=\"elementor-tab-title-84411\"><p>Nein. Wir raten unseren Kunden davon ab, den Heizk\u00f6rper mit einer Folie zu bekleben. Sicherlich mag dies h\u00fcbsch aussehen, allerdings muss man sich bewusst sein, dass man das Bild dann auch in vielen Jahren noch angucken wird. Zudem haben wir selbst einen Test mit einer speziellen hitzebest\u00e4ndigen Folie durchgef\u00fchrt. Die ersten drei Jahre ist alles gut gegangen. Nach und nach kamen kleine Hitzepickel, mittlerweile nach guten f\u00fcnf Jahren weist das Bild zahlreiche Risse auf und das Bild sieht nicht mehr ansehnlich aus.<\/p><\/div>\n\t\t\t\t<\/div>\n\t\t\t\t\t\t\t\t<\/div>\n\t\t\t\t<\/div>\n\t\t\t\t<\/div>\n\t\t\t\t\t<\/div>\n\t\t<\/div>\n\t\t\t\t\t<\/div>\n\t\t<\/section>\n\t\t\t\t<\/div>","protected":false},"excerpt":{"rendered":"<p>Infrarotheizk\u00f6rper von Infrawarm\u00aeunauff\u00e4llig, schick &amp; effizient FAQ &#8211; H\u00e4ufige Fragen zum Thema Infrawarm\u00ae und Infrarot Heizungen schnell beantwortet Wo kann ich einen Infrawarm\u00ae Heizk\u00f6rper kaufen? Wir arbeiten gerade an einer PLZ-Suchfunktion, um Ihnen die Suche zu erleichtern. Bis dahin nutzen Sie bitte unser Kontaktformular, damit wir uns mit Ihnen in Verbindung setzen k\u00f6nnen. Ist Heizen [&hellip;]<\/p>","protected":false},"author":3,"featured_media":0,"parent":0,"menu_order":0,"comment_status":"closed","ping_status":"closed","template":"elementor_header_footer","meta":{"footnotes":""},"class_list":["post-128","page","type-page","status-publish","hentry"],"yoast_head":"<!-- This site is optimized with the Yoast SEO plugin v23.9 - https:\/\/yoast.com\/wordpress\/plugins\/seo\/ -->\n<title>Infrawarm\u00ae GmbH - FAQ<\/title>\n<meta name=\"description\" content=\"FAQ \u2013 H\u00e4ufige Fragen zum Thema Infrawarm\u00ae und Infrarot Heizungen schnell beantwortet.\" \/>\n<meta name=\"robots\" content=\"index, follow, max-snippet:-1, max-image-preview:large, max-video-preview:-1\" \/>\n<link rel=\"canonical\" href=\"https:\/\/www.infrawarm.de\/en\/faq\/\" \/>\n<meta property=\"og:locale\" content=\"en_US\" \/>\n<meta property=\"og:type\" content=\"article\" \/>\n<meta property=\"og:title\" content=\"Infrawarm\u00ae GmbH - FAQ\" \/>\n<meta property=\"og:description\" content=\"FAQ \u2013 H\u00e4ufige Fragen zum Thema Infrawarm\u00ae und Infrarot Heizungen schnell beantwortet.\" \/>\n<meta property=\"og:url\" content=\"https:\/\/www.infrawarm.de\/en\/faq\/\" \/>\n<meta property=\"og:site_name\" content=\"Infrawarm\u00ae GmbH\" \/>\n<meta property=\"article:modified_time\" content=\"2023-02-13T08:16:30+00:00\" \/>\n<meta name=\"twitter:card\" content=\"summary_large_image\" \/>\n<meta name=\"twitter:label1\" content=\"Est. reading time\" \/>\n\t<meta name=\"twitter:data1\" content=\"4 minutes\" \/>\n<script type=\"application\/ld+json\" class=\"yoast-schema-graph\">{\"@context\":\"https:\/\/schema.org\",\"@graph\":[{\"@type\":\"WebPage\",\"@id\":\"https:\/\/www.infrawarm.de\/faq\/\",\"url\":\"https:\/\/www.infrawarm.de\/faq\/\",\"name\":\"Infrawarm\u00ae GmbH - FAQ\",\"isPartOf\":{\"@id\":\"https:\/\/www.infrawarm.de\/#website\"},\"datePublished\":\"2022-01-21T08:17:32+00:00\",\"dateModified\":\"2023-02-13T08:16:30+00:00\",\"description\":\"FAQ \u2013 H\u00e4ufige Fragen zum Thema Infrawarm\u00ae und Infrarot Heizungen schnell beantwortet.\",\"breadcrumb\":{\"@id\":\"https:\/\/www.infrawarm.de\/faq\/#breadcrumb\"},\"inLanguage\":\"en-US\",\"potentialAction\":[{\"@type\":\"ReadAction\",\"target\":[\"https:\/\/www.infrawarm.de\/faq\/\"]}]},{\"@type\":\"BreadcrumbList\",\"@id\":\"https:\/\/www.infrawarm.de\/faq\/#breadcrumb\",\"itemListElement\":[{\"@type\":\"ListItem\",\"position\":1,\"name\":\"Startseite\",\"item\":\"https:\/\/www.infrawarm.de\/\"},{\"@type\":\"ListItem\",\"position\":2,\"name\":\"FAQ\"}]},{\"@type\":\"WebSite\",\"@id\":\"https:\/\/www.infrawarm.de\/#website\",\"url\":\"https:\/\/www.infrawarm.de\/\",\"name\":\"Infrawarm\u00ae GmbH\",\"description\":\"Angenehme W\u00e4rme in k\u00fcrzester Zeit bei konstant geringem Energieverbrauch. Das ist Heizen mit Infrarotheizk\u00f6rpern von Infrawarm.\",\"potentialAction\":[{\"@type\":\"SearchAction\",\"target\":{\"@type\":\"EntryPoint\",\"urlTemplate\":\"https:\/\/www.infrawarm.de\/?s={search_term_string}\"},\"query-input\":{\"@type\":\"PropertyValueSpecification\",\"valueRequired\":true,\"valueName\":\"search_term_string\"}}],\"inLanguage\":\"en-US\"}]}<\/script>\n<!-- \/ Yoast SEO plugin. -->","yoast_head_json":{"title":"Infrawarm\u00ae GmbH - FAQ","description":"FAQ \u2013 H\u00e4ufige Fragen zum Thema Infrawarm\u00ae und Infrarot Heizungen schnell beantwortet.","robots":{"index":"index","follow":"follow","max-snippet":"max-snippet:-1","max-image-preview":"max-image-preview:large","max-video-preview":"max-video-preview:-1"},"canonical":"https:\/\/www.infrawarm.de\/en\/faq\/","og_locale":"en_US","og_type":"article","og_title":"Infrawarm\u00ae GmbH - FAQ","og_description":"FAQ \u2013 H\u00e4ufige Fragen zum Thema Infrawarm\u00ae und Infrarot Heizungen schnell beantwortet.","og_url":"https:\/\/www.infrawarm.de\/en\/faq\/","og_site_name":"Infrawarm\u00ae GmbH","article_modified_time":"2023-02-13T08:16:30+00:00","twitter_card":"summary_large_image","twitter_misc":{"Est. reading time":"4 minutes"},"schema":{"@context":"https:\/\/schema.org","@graph":[{"@type":"WebPage","@id":"https:\/\/www.infrawarm.de\/faq\/","url":"https:\/\/www.infrawarm.de\/faq\/","name":"Infrawarm\u00ae GmbH - FAQ","isPartOf":{"@id":"https:\/\/www.infrawarm.de\/#website"},"datePublished":"2022-01-21T08:17:32+00:00","dateModified":"2023-02-13T08:16:30+00:00","description":"FAQ \u2013 H\u00e4ufige Fragen zum Thema Infrawarm\u00ae und Infrarot Heizungen schnell beantwortet.","breadcrumb":{"@id":"https:\/\/www.infrawarm.de\/faq\/#breadcrumb"},"inLanguage":"en-US","potentialAction":[{"@type":"ReadAction","target":["https:\/\/www.infrawarm.de\/faq\/"]}]},{"@type":"BreadcrumbList","@id":"https:\/\/www.infrawarm.de\/faq\/#breadcrumb","itemListElement":[{"@type":"ListItem","position":1,"name":"Startseite","item":"https:\/\/www.infrawarm.de\/"},{"@type":"ListItem","position":2,"name":"FAQ"}]},{"@type":"WebSite","@id":"https:\/\/www.infrawarm.de\/#website","url":"https:\/\/www.infrawarm.de\/","name":"Infrawarm\u00ae GmbH","description":"Angenehme W\u00e4rme in k\u00fcrzester Zeit bei konstant geringem Energieverbrauch. Das ist Heizen mit Infrarotheizk\u00f6rpern von Infrawarm.","potentialAction":[{"@type":"SearchAction","target":{"@type":"EntryPoint","urlTemplate":"https:\/\/www.infrawarm.de\/?s={search_term_string}"},"query-input":{"@type":"PropertyValueSpecification","valueRequired":true,"valueName":"search_term_string"}}],"inLanguage":"en-US"}]}},"_links":{"self":[{"href":"https:\/\/www.infrawarm.de\/en\/wp-json\/wp\/v2\/pages\/128","targetHints":{"allow":["GET"]}}],"collection":[{"href":"https:\/\/www.infrawarm.de\/en\/wp-json\/wp\/v2\/pages"}],"about":[{"href":"https:\/\/www.infrawarm.de\/en\/wp-json\/wp\/v2\/types\/page"}],"author":[{"embeddable":true,"href":"https:\/\/www.infrawarm.de\/en\/wp-json\/wp\/v2\/users\/3"}],"replies":[{"embeddable":true,"href":"https:\/\/www.infrawarm.de\/en\/wp-json\/wp\/v2\/comments?post=128"}],"version-history":[{"count":9,"href":"https:\/\/www.infrawarm.de\/en\/wp-json\/wp\/v2\/pages\/128\/revisions"}],"predecessor-version":[{"id":939,"href":"https:\/\/www.infrawarm.de\/en\/wp-json\/wp\/v2\/pages\/128\/revisions\/939"}],"wp:attachment":[{"href":"https:\/\/www.infrawarm.de\/en\/wp-json\/wp\/v2\/media?parent=128"}],"curies":[{"name":"wp","href":"https:\/\/api.w.org\/{rel}","templated":true}]}}