{"id":287,"date":"2022-02-01T11:25:58","date_gmt":"2022-02-01T10:25:58","guid":{"rendered":"https:\/\/projekte.muk-digital.de\/infrawarm\/?page_id=287"},"modified":"2023-05-10T08:57:13","modified_gmt":"2023-05-10T06:57:13","slug":"aktuelles","status":"publish","type":"page","link":"https:\/\/www.infrawarm.de\/en\/aktuelles\/","title":{"rendered":"Current"},"content":{"rendered":"<div data-elementor-type=\"wp-page\" data-elementor-id=\"287\" class=\"elementor elementor-287\" data-elementor-post-type=\"page\">\n\t\t\t\t\t\t<section class=\"elementor-section elementor-top-section elementor-element elementor-element-b1ee01c elementor-section-full_width elementor-section-height-default elementor-section-height-default\" data-id=\"b1ee01c\" data-element_type=\"section\">\n\t\t\t\t\t\t<div class=\"elementor-container elementor-column-gap-no\">\n\t\t\t\t\t<div class=\"elementor-column elementor-col-100 elementor-top-column elementor-element elementor-element-e628120\" data-id=\"e628120\" data-element_type=\"column\">\n\t\t\t<div class=\"elementor-widget-wrap elementor-element-populated\">\n\t\t\t\t\t\t<div class=\"elementor-element elementor-element-05bf76a elementor--h-position-center elementor--v-position-middle elementor-arrows-position-inside elementor-pagination-position-inside elementor-widget elementor-widget-slides\" data-id=\"05bf76a\" data-element_type=\"widget\" data-settings=\"{&quot;navigation&quot;:&quot;both&quot;,&quot;autoplay&quot;:&quot;yes&quot;,&quot;pause_on_hover&quot;:&quot;yes&quot;,&quot;pause_on_interaction&quot;:&quot;yes&quot;,&quot;autoplay_speed&quot;:5000,&quot;infinite&quot;:&quot;yes&quot;,&quot;transition&quot;:&quot;slide&quot;,&quot;transition_speed&quot;:500}\" data-widget_type=\"slides.default\">\n\t\t\t\t<div class=\"elementor-widget-container\">\n\t\t\t\t\t<div class=\"elementor-swiper\">\n\t\t\t<div class=\"elementor-slides-wrapper elementor-main-swiper swiper\" dir=\"ltr\" data-animation=\"fadeInUp\">\n\t\t\t\t<div class=\"swiper-wrapper elementor-slides\">\n\t\t\t\t\t\t\t\t\t\t<div class=\"elementor-repeater-item-fd4eb5b swiper-slide\"><div class=\"swiper-slide-bg\" role=\"img\"><\/div><div class=\"swiper-slide-inner\" ><div class=\"swiper-slide-contents\"><div class=\"elementor-slide-heading\">Infrarotheizk\u00f6rper von Infrawarm&reg;<\/div><div class=\"elementor-slide-description\">inconspicuous, chic &amp; efficient<\/div><\/div><\/div><\/div>\t\t\t\t<\/div>\n\t\t\t\t\t\t\t<\/div>\n\t\t<\/div>\n\t\t\t\t<\/div>\n\t\t\t\t<\/div>\n\t\t\t\t\t<\/div>\n\t\t<\/div>\n\t\t\t\t\t<\/div>\n\t\t<\/section>\n\t\t\t\t<section class=\"elementor-section elementor-top-section elementor-element elementor-element-95467eb elementor-section-boxed elementor-section-height-default elementor-section-height-default elementor-invisible\" data-id=\"95467eb\" data-element_type=\"section\" data-settings=\"{&quot;background_background&quot;:&quot;classic&quot;,&quot;animation&quot;:&quot;fadeInLeft&quot;}\">\n\t\t\t\t\t\t<div class=\"elementor-container elementor-column-gap-default\">\n\t\t\t\t\t<div class=\"elementor-column elementor-col-100 elementor-top-column elementor-element elementor-element-ad80f39\" data-id=\"ad80f39\" data-element_type=\"column\">\n\t\t\t<div class=\"elementor-widget-wrap elementor-element-populated\">\n\t\t\t\t\t\t<div class=\"elementor-element elementor-element-16f8245 elementor-widget-divider--view-line elementor-widget elementor-widget-divider\" data-id=\"16f8245\" data-element_type=\"widget\" data-widget_type=\"divider.default\">\n\t\t\t\t<div class=\"elementor-widget-container\">\n\t\t\t\t\t<div class=\"elementor-divider\">\n\t\t\t<span class=\"elementor-divider-separator\">\n\t\t\t\t\t\t<\/span>\n\t\t<\/div>\n\t\t\t\t<\/div>\n\t\t\t\t<\/div>\n\t\t\t\t<div class=\"elementor-element elementor-element-c48f5cf elementor-widget elementor-widget-heading\" data-id=\"c48f5cf\" data-element_type=\"widget\" data-widget_type=\"heading.default\">\n\t\t\t\t<div class=\"elementor-widget-container\">\n\t\t\t<h1 class=\"elementor-heading-title elementor-size-large\">News &amp; Aktuelles <\/h1>\t\t<\/div>\n\t\t\t\t<\/div>\n\t\t\t\t\t<\/div>\n\t\t<\/div>\n\t\t\t\t\t<\/div>\n\t\t<\/section>\n\t\t\t\t<section class=\"elementor-section elementor-top-section elementor-element elementor-element-1747f66 animated-slow elementor-section-boxed elementor-section-height-default elementor-section-height-default elementor-invisible\" data-id=\"1747f66\" data-element_type=\"section\" data-settings=\"{&quot;animation&quot;:&quot;fadeInRight&quot;}\">\n\t\t\t\t\t\t<div class=\"elementor-container elementor-column-gap-default\">\n\t\t\t\t\t<div class=\"elementor-column elementor-col-100 elementor-top-column elementor-element elementor-element-1811c03\" data-id=\"1811c03\" data-element_type=\"column\">\n\t\t\t<div class=\"elementor-widget-wrap elementor-element-populated\">\n\t\t\t\t\t\t<div class=\"elementor-element elementor-element-7b9416e elementor-grid-1 elementor-posts--thumbnail-none elementor-grid-tablet-2 elementor-grid-mobile-1 elementor-card-shadow-yes elementor-posts__hover-gradient elementor-widget elementor-widget-posts\" data-id=\"7b9416e\" data-element_type=\"widget\" data-settings=\"{&quot;cards_columns&quot;:&quot;1&quot;,&quot;cards_columns_tablet&quot;:&quot;2&quot;,&quot;cards_columns_mobile&quot;:&quot;1&quot;,&quot;cards_row_gap&quot;:{&quot;unit&quot;:&quot;px&quot;,&quot;size&quot;:35,&quot;sizes&quot;:[]},&quot;cards_row_gap_tablet&quot;:{&quot;unit&quot;:&quot;px&quot;,&quot;size&quot;:&quot;&quot;,&quot;sizes&quot;:[]},&quot;cards_row_gap_mobile&quot;:{&quot;unit&quot;:&quot;px&quot;,&quot;size&quot;:&quot;&quot;,&quot;sizes&quot;:[]}}\" data-widget_type=\"posts.cards\">\n\t\t\t\t<div class=\"elementor-widget-container\">\n\t\t\t\t\t<div class=\"elementor-posts-container elementor-posts elementor-posts--skin-cards elementor-grid\">\n\t\t\t\t<article class=\"elementor-post elementor-grid-item post-1254 post type-post status-publish format-standard hentry category-allgemein\">\n\t\t\t<div class=\"elementor-post__card\">\n\t\t\t\t<div class=\"elementor-post__text\">\n\t\t\t\t<h2 class=\"elementor-post__title\">\n\t\t\t<a href=\"https:\/\/www.infrawarm.de\/en\/2023\/10\/11\/heizkoerper-von-infrawarm-gmbh-als-innovatives-produkt-des-zia-ausgewaehlt\/\" >\n\t\t\t\tHeizk\u00f6rper von Infrawarm GmbH\t\t\t<\/a>\n\t\t<\/h2>\n\t\t\t\t<div class=\"elementor-post__excerpt\">\n\t\t\t<p>Heizk\u00f6rper von Infrawarm GmbH als innovatives Produkt des ZIA ausgew\u00e4hlt Buchholz i.d.N., 10.10.2023 \u2013 Infrarotheizk\u00f6rper der Firma Infrawarm GmbH aus Buchholz i.d.N. wurden vom Zentraler<\/p>\n\t\t<\/div>\n\t\t\n\t\t<a class=\"elementor-post__read-more\" href=\"https:\/\/www.infrawarm.de\/en\/2023\/10\/11\/heizkoerper-von-infrawarm-gmbh-als-innovatives-produkt-des-zia-ausgewaehlt\/\" aria-label=\"Read more about Heizk\u00f6rper von Infrawarm GmbH\" tabindex=\"-1\" >\n\t\t\tWeiterlesen \u00bb\t\t<\/a>\n\n\t\t\t\t<\/div>\n\t\t\t\t<div class=\"elementor-post__meta-data\">\n\t\t\t\t\t<span class=\"elementor-post-date\">\n\t\t\t11. October 2023\t\t<\/span>\n\t\t\t\t<\/div>\n\t\t\t\t\t<\/div>\n\t\t<\/article>\n\t\t\t\t<article class=\"elementor-post elementor-grid-item post-1242 post type-post status-publish format-standard hentry category-allgemein\">\n\t\t\t<div class=\"elementor-post__card\">\n\t\t\t\t<div class=\"elementor-post__text\">\n\t\t\t\t<h2 class=\"elementor-post__title\">\n\t\t\t<a href=\"https:\/\/www.infrawarm.de\/en\/2023\/09\/27\/infrarotheizungen-in-gebaeuden-2024\/\" >\n\t\t\t\tInfrarotheizungen in Geb\u00e4uden 2024\t\t\t<\/a>\n\t\t<\/h2>\n\t\t\t\t<div class=\"elementor-post__excerpt\">\n\t\t\t<p>Infrarotheizungen in Geb\u00e4uden \u2013 was mit Inkrafttreten des GEG ab 01. Januar 2024 gilt. Infrarotheizungen, auch Stromdirektheizungen oder Elektro-Direktheizungen, sind nach Beschluss des Bundestages durch<\/p>\n\t\t<\/div>\n\t\t\n\t\t<a class=\"elementor-post__read-more\" href=\"https:\/\/www.infrawarm.de\/en\/2023\/09\/27\/infrarotheizungen-in-gebaeuden-2024\/\" aria-label=\"Read more about Infrarotheizungen in Geb\u00e4uden 2024\" tabindex=\"-1\" >\n\t\t\tWeiterlesen \u00bb\t\t<\/a>\n\n\t\t\t\t<\/div>\n\t\t\t\t<div class=\"elementor-post__meta-data\">\n\t\t\t\t\t<span class=\"elementor-post-date\">\n\t\t\t27. September 2023\t\t<\/span>\n\t\t\t\t<\/div>\n\t\t\t\t\t<\/div>\n\t\t<\/article>\n\t\t\t\t<article class=\"elementor-post elementor-grid-item post-1089 post type-post status-publish format-standard hentry category-firmennews tag-elektroheizung tag-gastro tag-gastronomie tag-guenstig tag-infrarot-heizung tag-infrarotheizung tag-infrawarm tag-pv-anlage tag-sinnvoll\">\n\t\t\t<div class=\"elementor-post__card\">\n\t\t\t\t<div class=\"elementor-post__text\">\n\t\t\t\t<h2 class=\"elementor-post__title\">\n\t\t\t<a href=\"https:\/\/www.infrawarm.de\/en\/2023\/05\/10\/die-infrarotheizung-in-der-gastronomiebranche\/\" >\n\t\t\t\tDie Infrarotheizung in der Gastronomiebranche\t\t\t<\/a>\n\t\t<\/h2>\n\t\t\t\t<div class=\"elementor-post__excerpt\">\n\t\t\t<p>Die Infrarotheizung in der Gastronomiebranche Effiziente W\u00e4rme f\u00fcr mehr Komfort Ihrer G\u00e4ste bei gleichzeitiger Kostenersparnis f\u00fcr Sie. Buchholz i.d.N., 10.05.2023 &#8211;\u00a0Die Gastronomiebranche stellt hohe Anforderungen<\/p>\n\t\t<\/div>\n\t\t\n\t\t<a class=\"elementor-post__read-more\" href=\"https:\/\/www.infrawarm.de\/en\/2023\/05\/10\/die-infrarotheizung-in-der-gastronomiebranche\/\" aria-label=\"Read more about Die Infrarotheizung in der Gastronomiebranche\" tabindex=\"-1\" >\n\t\t\tWeiterlesen \u00bb\t\t<\/a>\n\n\t\t\t\t<\/div>\n\t\t\t\t<div class=\"elementor-post__meta-data\">\n\t\t\t\t\t<span class=\"elementor-post-date\">\n\t\t\t10. May 2023\t\t<\/span>\n\t\t\t\t<\/div>\n\t\t\t\t\t<\/div>\n\t\t<\/article>\n\t\t\t\t<article class=\"elementor-post elementor-grid-item post-752 post type-post status-publish format-standard hentry category-firmennews tag-elektroheizung tag-guenstig tag-infrarot-heizung tag-infrarotheizung tag-infrawarm tag-pv-anlage tag-sinnvoll\">\n\t\t\t<div class=\"elementor-post__card\">\n\t\t\t\t<div class=\"elementor-post__text\">\n\t\t\t\t<h2 class=\"elementor-post__title\">\n\t\t\t<a href=\"https:\/\/www.infrawarm.de\/en\/2022\/09\/22\/ueberarbeitung-des-sortiments\/\" >\n\t\t\t\t\u00dcberarbeitung des Sortiments\t\t\t<\/a>\n\t\t<\/h2>\n\t\t\t\t<div class=\"elementor-post__excerpt\">\n\t\t\t<p>\u00dcberarbeitung des Sortiments Schlichtes Design und technische Optimierung stehen im Vordergrund. Buchholz i.d.N., 22.09.2022 &#8211; Die Infrawarm GmbH mit Sitz in Buchholz i.d.N. bei Hamburg<\/p>\n\t\t<\/div>\n\t\t\n\t\t<a class=\"elementor-post__read-more\" href=\"https:\/\/www.infrawarm.de\/en\/2022\/09\/22\/ueberarbeitung-des-sortiments\/\" aria-label=\"Read more about \u00dcberarbeitung des Sortiments\" tabindex=\"-1\" >\n\t\t\tWeiterlesen \u00bb\t\t<\/a>\n\n\t\t\t\t<\/div>\n\t\t\t\t<div class=\"elementor-post__meta-data\">\n\t\t\t\t\t<span class=\"elementor-post-date\">\n\t\t\t22. September 2022\t\t<\/span>\n\t\t\t\t<\/div>\n\t\t\t\t\t<\/div>\n\t\t<\/article>\n\t\t\t\t<article class=\"elementor-post elementor-grid-item post-708 post type-post status-publish format-standard hentry category-firmennews tag-elektroheizung tag-guenstig tag-infrarot-heizung tag-infrarotheizung tag-infrawarm tag-pv-anlage tag-sinnvoll\">\n\t\t\t<div class=\"elementor-post__card\">\n\t\t\t\t<div class=\"elementor-post__text\">\n\t\t\t\t<h2 class=\"elementor-post__title\">\n\t\t\t<a href=\"https:\/\/www.infrawarm.de\/en\/2022\/06\/28\/neue-geschaeftsfuehrung-und-strategie\/\" >\n\t\t\t\tNeue Gesch\u00e4ftsf\u00fchrung und -strategie\t\t\t<\/a>\n\t\t<\/h2>\n\t\t\t\t<div class=\"elementor-post__excerpt\">\n\t\t\t<p>Neue Aufstellung der Gesch\u00e4ftsf\u00fchrung und -strategie Fokus auf Aufkl\u00e4rung und Expansion. Buchholz i.d.N., 28.06.2022 &#8211; Vor allem aufgrund der wirtschaftlichen und politischen Lage der letzten<\/p>\n\t\t<\/div>\n\t\t\n\t\t<a class=\"elementor-post__read-more\" href=\"https:\/\/www.infrawarm.de\/en\/2022\/06\/28\/neue-geschaeftsfuehrung-und-strategie\/\" aria-label=\"Read more about Neue Gesch\u00e4ftsf\u00fchrung und -strategie\" tabindex=\"-1\" >\n\t\t\tWeiterlesen \u00bb\t\t<\/a>\n\n\t\t\t\t<\/div>\n\t\t\t\t<div class=\"elementor-post__meta-data\">\n\t\t\t\t\t<span class=\"elementor-post-date\">\n\t\t\t28. June 2022\t\t<\/span>\n\t\t\t\t<\/div>\n\t\t\t\t\t<\/div>\n\t\t<\/article>\n\t\t\t\t<article class=\"elementor-post elementor-grid-item post-688 post type-post status-publish format-standard hentry category-allgemein tag-elektroheizung tag-guenstig tag-infrarot-heizung tag-infrarotheizung tag-infrawarm tag-pv-anlage tag-sinnvoll\">\n\t\t\t<div class=\"elementor-post__card\">\n\t\t\t\t<div class=\"elementor-post__text\">\n\t\t\t\t<h2 class=\"elementor-post__title\">\n\t\t\t<a href=\"https:\/\/www.infrawarm.de\/en\/2022\/06\/02\/warum-elektroheizungen-wieder-auf-dem-vormarsch-sind\/\" >\n\t\t\t\tWarum Elektroheizungen wieder auf dem Vormarsch sind\t\t\t<\/a>\n\t\t<\/h2>\n\t\t\t\t<div class=\"elementor-post__excerpt\">\n\t\t\t<p>Warum Elektroheizungen wieder auf dem Vormarsch sind Lange galten Elektroheizungen als verp\u00f6nt: Sie seien teuer, eine altbackene Erfindung und verbrauchen viel zu viel Energie, so<\/p>\n\t\t<\/div>\n\t\t\n\t\t<a class=\"elementor-post__read-more\" href=\"https:\/\/www.infrawarm.de\/en\/2022\/06\/02\/warum-elektroheizungen-wieder-auf-dem-vormarsch-sind\/\" aria-label=\"Read more about Warum Elektroheizungen wieder auf dem Vormarsch sind\" tabindex=\"-1\" >\n\t\t\tWeiterlesen \u00bb\t\t<\/a>\n\n\t\t\t\t<\/div>\n\t\t\t\t<div class=\"elementor-post__meta-data\">\n\t\t\t\t\t<span class=\"elementor-post-date\">\n\t\t\t2. June 2022\t\t<\/span>\n\t\t\t\t<\/div>\n\t\t\t\t\t<\/div>\n\t\t<\/article>\n\t\t\t\t<\/div>\n\t\t\n\t\t\t\t<\/div>\n\t\t\t\t<\/div>\n\t\t\t\t\t<\/div>\n\t\t<\/div>\n\t\t\t\t\t<\/div>\n\t\t<\/section>\n\t\t\t\t<\/div>","protected":false},"excerpt":{"rendered":"<p>Infrarotheizk\u00f6rper von Infrawarm&reg;unauff\u00e4llig, schick &#038; effizient News &#038; Aktuelles<\/p>","protected":false},"author":3,"featured_media":0,"parent":0,"menu_order":0,"comment_status":"closed","ping_status":"closed","template":"elementor_header_footer","meta":{"footnotes":""},"class_list":["post-287","page","type-page","status-publish","hentry"],"yoast_head":"<!-- This site is optimized with the Yoast SEO plugin v23.9 - https:\/\/yoast.com\/wordpress\/plugins\/seo\/ -->\n<title>Infrawarm\u00ae GmbH - Aktuelles<\/title>\n<meta name=\"description\" content=\"Hier finden Sie aktuelle Themen von Infrawarm.\" \/>\n<meta name=\"robots\" content=\"index, follow, max-snippet:-1, max-image-preview:large, max-video-preview:-1\" \/>\n<link rel=\"canonical\" href=\"https:\/\/www.infrawarm.de\/en\/aktuelles\/\" \/>\n<meta property=\"og:locale\" content=\"en_US\" \/>\n<meta property=\"og:type\" content=\"article\" \/>\n<meta property=\"og:title\" content=\"Infrawarm\u00ae GmbH - Aktuelles\" \/>\n<meta property=\"og:description\" content=\"Hier finden Sie aktuelle Themen von Infrawarm.\" \/>\n<meta property=\"og:url\" content=\"https:\/\/www.infrawarm.de\/en\/aktuelles\/\" \/>\n<meta property=\"og:site_name\" content=\"Infrawarm\u00ae GmbH\" \/>\n<meta property=\"article:modified_time\" content=\"2023-05-10T06:57:13+00:00\" \/>\n<meta name=\"twitter:card\" content=\"summary_large_image\" \/>\n<meta name=\"twitter:label1\" content=\"Est. reading time\" \/>\n\t<meta name=\"twitter:data1\" content=\"2 minutes\" \/>\n<script type=\"application\/ld+json\" class=\"yoast-schema-graph\">{\"@context\":\"https:\/\/schema.org\",\"@graph\":[{\"@type\":\"WebPage\",\"@id\":\"https:\/\/www.infrawarm.de\/aktuelles\/\",\"url\":\"https:\/\/www.infrawarm.de\/aktuelles\/\",\"name\":\"Infrawarm\u00ae GmbH - Aktuelles\",\"isPartOf\":{\"@id\":\"https:\/\/www.infrawarm.de\/#website\"},\"datePublished\":\"2022-02-01T10:25:58+00:00\",\"dateModified\":\"2023-05-10T06:57:13+00:00\",\"description\":\"Hier finden Sie aktuelle Themen von Infrawarm.\",\"breadcrumb\":{\"@id\":\"https:\/\/www.infrawarm.de\/aktuelles\/#breadcrumb\"},\"inLanguage\":\"en-US\",\"potentialAction\":[{\"@type\":\"ReadAction\",\"target\":[\"https:\/\/www.infrawarm.de\/aktuelles\/\"]}]},{\"@type\":\"BreadcrumbList\",\"@id\":\"https:\/\/www.infrawarm.de\/aktuelles\/#breadcrumb\",\"itemListElement\":[{\"@type\":\"ListItem\",\"position\":1,\"name\":\"Startseite\",\"item\":\"https:\/\/www.infrawarm.de\/\"},{\"@type\":\"ListItem\",\"position\":2,\"name\":\"Aktuelles\"}]},{\"@type\":\"WebSite\",\"@id\":\"https:\/\/www.infrawarm.de\/#website\",\"url\":\"https:\/\/www.infrawarm.de\/\",\"name\":\"Infrawarm\u00ae GmbH\",\"description\":\"Angenehme W\u00e4rme in k\u00fcrzester Zeit bei konstant geringem Energieverbrauch. Das ist Heizen mit Infrarotheizk\u00f6rpern von Infrawarm.\",\"potentialAction\":[{\"@type\":\"SearchAction\",\"target\":{\"@type\":\"EntryPoint\",\"urlTemplate\":\"https:\/\/www.infrawarm.de\/?s={search_term_string}\"},\"query-input\":{\"@type\":\"PropertyValueSpecification\",\"valueRequired\":true,\"valueName\":\"search_term_string\"}}],\"inLanguage\":\"en-US\"}]}<\/script>\n<!-- \/ Yoast SEO plugin. -->","yoast_head_json":{"title":"Infrawarm\u00ae GmbH - Aktuelles","description":"Hier finden Sie aktuelle Themen von Infrawarm.","robots":{"index":"index","follow":"follow","max-snippet":"max-snippet:-1","max-image-preview":"max-image-preview:large","max-video-preview":"max-video-preview:-1"},"canonical":"https:\/\/www.infrawarm.de\/en\/aktuelles\/","og_locale":"en_US","og_type":"article","og_title":"Infrawarm\u00ae GmbH - Aktuelles","og_description":"Hier finden Sie aktuelle Themen von Infrawarm.","og_url":"https:\/\/www.infrawarm.de\/en\/aktuelles\/","og_site_name":"Infrawarm\u00ae GmbH","article_modified_time":"2023-05-10T06:57:13+00:00","twitter_card":"summary_large_image","twitter_misc":{"Est. reading time":"2 minutes"},"schema":{"@context":"https:\/\/schema.org","@graph":[{"@type":"WebPage","@id":"https:\/\/www.infrawarm.de\/aktuelles\/","url":"https:\/\/www.infrawarm.de\/aktuelles\/","name":"Infrawarm\u00ae GmbH - Aktuelles","isPartOf":{"@id":"https:\/\/www.infrawarm.de\/#website"},"datePublished":"2022-02-01T10:25:58+00:00","dateModified":"2023-05-10T06:57:13+00:00","description":"Hier finden Sie aktuelle Themen von Infrawarm.","breadcrumb":{"@id":"https:\/\/www.infrawarm.de\/aktuelles\/#breadcrumb"},"inLanguage":"en-US","potentialAction":[{"@type":"ReadAction","target":["https:\/\/www.infrawarm.de\/aktuelles\/"]}]},{"@type":"BreadcrumbList","@id":"https:\/\/www.infrawarm.de\/aktuelles\/#breadcrumb","itemListElement":[{"@type":"ListItem","position":1,"name":"Startseite","item":"https:\/\/www.infrawarm.de\/"},{"@type":"ListItem","position":2,"name":"Aktuelles"}]},{"@type":"WebSite","@id":"https:\/\/www.infrawarm.de\/#website","url":"https:\/\/www.infrawarm.de\/","name":"Infrawarm\u00ae GmbH","description":"Angenehme W\u00e4rme in k\u00fcrzester Zeit bei konstant geringem Energieverbrauch. Das ist Heizen mit Infrarotheizk\u00f6rpern von Infrawarm.","potentialAction":[{"@type":"SearchAction","target":{"@type":"EntryPoint","urlTemplate":"https:\/\/www.infrawarm.de\/?s={search_term_string}"},"query-input":{"@type":"PropertyValueSpecification","valueRequired":true,"valueName":"search_term_string"}}],"inLanguage":"en-US"}]}},"_links":{"self":[{"href":"https:\/\/www.infrawarm.de\/en\/wp-json\/wp\/v2\/pages\/287","targetHints":{"allow":["GET"]}}],"collection":[{"href":"https:\/\/www.infrawarm.de\/en\/wp-json\/wp\/v2\/pages"}],"about":[{"href":"https:\/\/www.infrawarm.de\/en\/wp-json\/wp\/v2\/types\/page"}],"author":[{"embeddable":true,"href":"https:\/\/www.infrawarm.de\/en\/wp-json\/wp\/v2\/users\/3"}],"replies":[{"embeddable":true,"href":"https:\/\/www.infrawarm.de\/en\/wp-json\/wp\/v2\/comments?post=287"}],"version-history":[{"count":10,"href":"https:\/\/www.infrawarm.de\/en\/wp-json\/wp\/v2\/pages\/287\/revisions"}],"predecessor-version":[{"id":1059,"href":"https:\/\/www.infrawarm.de\/en\/wp-json\/wp\/v2\/pages\/287\/revisions\/1059"}],"wp:attachment":[{"href":"https:\/\/www.infrawarm.de\/en\/wp-json\/wp\/v2\/media?parent=287"}],"curies":[{"name":"wp","href":"https:\/\/api.w.org\/{rel}","templated":true}]}}